{"id":83,"date":"2014-07-11T13:13:43","date_gmt":"2014-07-11T11:13:43","guid":{"rendered":"http:\/\/new.veterinasmizany.sk\/?page_id=83"},"modified":"2014-07-11T13:13:43","modified_gmt":"2014-07-11T11:13:43","slug":"sportova-kynologia","status":"publish","type":"page","link":"https:\/\/www.chsseychely.sk\/?page_id=83","title":{"rendered":"\u0160PORTOV\u00c1 KYNOL\u00d3GIA"},"content":{"rendered":"","protected":false},"excerpt":{"rendered":"","protected":false},"author":1,"featured_media":0,"parent":0,"menu_order":0,"comment_status":"open","ping_status":"open","template":"","meta":{"footnotes":""},"class_list":["post-83","page","type-page","status-publish","hentry"],"_links":{"self":[{"href":"https:\/\/www.chsseychely.sk\/index.php?rest_route=\/wp\/v2\/pages\/83","targetHints":{"allow":["GET"]}}],"collection":[{"href":"https:\/\/www.chsseychely.sk\/index.php?rest_route=\/wp\/v2\/pages"}],"about":[{"href":"https:\/\/www.chsseychely.sk\/index.php?rest_route=\/wp\/v2\/types\/page"}],"author":[{"embeddable":true,"href":"https:\/\/www.chsseychely.sk\/index.php?rest_route=\/wp\/v2\/users\/1"}],"replies":[{"embeddable":true,"href":"https:\/\/www.chsseychely.sk\/index.php?rest_route=%2Fwp%2Fv2%2Fcomments&post=83"}],"version-history":[{"count":1,"href":"https:\/\/www.chsseychely.sk\/index.php?rest_route=\/wp\/v2\/pages\/83\/revisions"}],"predecessor-version":[{"id":84,"href":"https:\/\/www.chsseychely.sk\/index.php?rest_route=\/wp\/v2\/pages\/83\/revisions\/84"}],"wp:attachment":[{"href":"https:\/\/www.chsseychely.sk\/index.php?rest_route=%2Fwp%2Fv2%2Fmedia&parent=83"}],"curies":[{"name":"wp","href":"https:\/\/api.w.org\/{rel}","templated":true}]}}