{"id":433,"date":"2019-04-18T11:26:30","date_gmt":"2019-04-18T09:26:30","guid":{"rendered":"http:\/\/www.chsseychely.sk\/?page_id=433"},"modified":"2019-04-18T17:53:37","modified_gmt":"2019-04-18T15:53:37","slug":"vrh-b-2","status":"publish","type":"page","link":"https:\/\/www.chsseychely.sk\/?page_id=433","title":{"rendered":"VRH B"},"content":{"rendered":"<p><a href=\"http:\/\/www.chsseychely.sk\/wp-content\/uploads\/2019\/04\/stenky.jpg\"><img loading=\"lazy\" decoding=\"async\" class=\"alignnone size-large wp-image-460\" src=\"http:\/\/www.chsseychely.sk\/wp-content\/uploads\/2019\/04\/stenky-1024x683.jpg\" alt=\"stenky\" width=\"768\" height=\"512\" srcset=\"https:\/\/www.chsseychely.sk\/wp-content\/uploads\/2019\/04\/stenky-1024x683.jpg 1024w, https:\/\/www.chsseychely.sk\/wp-content\/uploads\/2019\/04\/stenky-300x200.jpg 300w, https:\/\/www.chsseychely.sk\/wp-content\/uploads\/2019\/04\/stenky.jpg 1125w\" sizes=\"auto, (max-width: 768px) 100vw, 768px\" \/><\/a><\/p>\n<p>&nbsp;<\/p>\n<p style=\"text-align: center;\"><strong><span style=\"color: #ff0000;\">\u0160teniatka sa narodili 3.4.2019 \/ 4 psi a 3 su\u010dky<\/span><\/strong><\/p>\n<p style=\"text-align: center;\">Puppies were born 3.4.2019 \/ 4 male and 3 female<\/p>\n<p style=\"text-align: center;\">\n<p style=\"text-align: center;\">su\u010dka blue merle s p\u00e1len\u00edm, dlhy chvost \/female\/<\/p>\n<p style=\"text-align: center;\">su\u010dka blue merle s p\u00e1len\u00edm, NBT \/female\/<\/p>\n<p style=\"text-align: center;\">su\u010dka black tricolor s chvostom \/female\/<\/p>\n<p style=\"text-align: center;\">pes blue merle s chvostom \/male\/<\/p>\n<p style=\"text-align: center;\">pes blue merle s chvostom \/male\/<\/p>\n<p style=\"text-align: center;\">pes blue merle s chvostom \/male\/<\/p>\n<p style=\"text-align: center;\">pes black tricolor s chvostom \/male\/<\/p>\n<p style=\"text-align: center;\">\n","protected":false},"excerpt":{"rendered":"<p>&nbsp; \u0160teniatka sa narodili 3.4.2019 \/ 4 psi a 3 su\u010dky Puppies were born 3.4.2019 \/ 4 male and 3 female su\u010dka blue merle s p\u00e1len\u00edm, dlhy chvost \/female\/ su\u010dka blue merle s p\u00e1len\u00edm, NBT \/female\/ su\u010dka black tricolor s&#8230;<a href=\"https:\/\/www.chsseychely.sk\/?page_id=433\">Read More&#8230;<\/a><\/p>\n","protected":false},"author":1,"featured_media":0,"parent":0,"menu_order":0,"comment_status":"closed","ping_status":"closed","template":"","meta":{"footnotes":""},"class_list":["post-433","page","type-page","status-publish","hentry"],"_links":{"self":[{"href":"https:\/\/www.chsseychely.sk\/index.php?rest_route=\/wp\/v2\/pages\/433","targetHints":{"allow":["GET"]}}],"collection":[{"href":"https:\/\/www.chsseychely.sk\/index.php?rest_route=\/wp\/v2\/pages"}],"about":[{"href":"https:\/\/www.chsseychely.sk\/index.php?rest_route=\/wp\/v2\/types\/page"}],"author":[{"embeddable":true,"href":"https:\/\/www.chsseychely.sk\/index.php?rest_route=\/wp\/v2\/users\/1"}],"replies":[{"embeddable":true,"href":"https:\/\/www.chsseychely.sk\/index.php?rest_route=%2Fwp%2Fv2%2Fcomments&post=433"}],"version-history":[{"count":3,"href":"https:\/\/www.chsseychely.sk\/index.php?rest_route=\/wp\/v2\/pages\/433\/revisions"}],"predecessor-version":[{"id":462,"href":"https:\/\/www.chsseychely.sk\/index.php?rest_route=\/wp\/v2\/pages\/433\/revisions\/462"}],"wp:attachment":[{"href":"https:\/\/www.chsseychely.sk\/index.php?rest_route=%2Fwp%2Fv2%2Fmedia&parent=433"}],"curies":[{"name":"wp","href":"https:\/\/api.w.org\/{rel}","templated":true}]}}