{"id":345,"date":"2016-06-23T13:03:08","date_gmt":"2016-06-23T11:03:08","guid":{"rendered":"http:\/\/www.chsseychely.sk\/?page_id=345"},"modified":"2016-06-23T13:20:54","modified_gmt":"2016-06-23T11:20:54","slug":"zippo-z-kralicke-tiskarny","status":"publish","type":"page","link":"https:\/\/www.chsseychely.sk\/?page_id=345","title":{"rendered":"ZIPPO z Kr\u00e1lick\u00e9 tisk\u00e1rny"},"content":{"rendered":"<p><a href=\"http:\/\/www.chsseychely.sk\/wp-content\/uploads\/2016\/06\/zippo-inz.jpg\"><img loading=\"lazy\" decoding=\"async\" class=\"alignnone wp-image-357 size-full\" src=\"http:\/\/www.chsseychely.sk\/wp-content\/uploads\/2016\/06\/zippo-inz.jpg\" alt=\"zippo inz\" width=\"1948\" height=\"1102\" srcset=\"https:\/\/www.chsseychely.sk\/wp-content\/uploads\/2016\/06\/zippo-inz.jpg 1948w, https:\/\/www.chsseychely.sk\/wp-content\/uploads\/2016\/06\/zippo-inz-300x170.jpg 300w, https:\/\/www.chsseychely.sk\/wp-content\/uploads\/2016\/06\/zippo-inz-1024x579.jpg 1024w\" sizes=\"auto, (max-width: 1948px) 100vw, 1948px\" \/><\/a><\/p>\n","protected":false},"excerpt":{"rendered":"","protected":false},"author":1,"featured_media":0,"parent":0,"menu_order":0,"comment_status":"closed","ping_status":"closed","template":"","meta":{"footnotes":""},"class_list":["post-345","page","type-page","status-publish","hentry"],"_links":{"self":[{"href":"https:\/\/www.chsseychely.sk\/index.php?rest_route=\/wp\/v2\/pages\/345","targetHints":{"allow":["GET"]}}],"collection":[{"href":"https:\/\/www.chsseychely.sk\/index.php?rest_route=\/wp\/v2\/pages"}],"about":[{"href":"https:\/\/www.chsseychely.sk\/index.php?rest_route=\/wp\/v2\/types\/page"}],"author":[{"embeddable":true,"href":"https:\/\/www.chsseychely.sk\/index.php?rest_route=\/wp\/v2\/users\/1"}],"replies":[{"embeddable":true,"href":"https:\/\/www.chsseychely.sk\/index.php?rest_route=%2Fwp%2Fv2%2Fcomments&post=345"}],"version-history":[{"count":4,"href":"https:\/\/www.chsseychely.sk\/index.php?rest_route=\/wp\/v2\/pages\/345\/revisions"}],"predecessor-version":[{"id":358,"href":"https:\/\/www.chsseychely.sk\/index.php?rest_route=\/wp\/v2\/pages\/345\/revisions\/358"}],"wp:attachment":[{"href":"https:\/\/www.chsseychely.sk\/index.php?rest_route=%2Fwp%2Fv2%2Fmedia&parent=345"}],"curies":[{"name":"wp","href":"https:\/\/api.w.org\/{rel}","templated":true}]}}