{"id":206,"date":"2015-04-24T10:49:30","date_gmt":"2015-04-24T08:49:30","guid":{"rendered":"http:\/\/www.chsseychely.sk\/?page_id=206"},"modified":"2019-04-18T15:56:29","modified_gmt":"2019-04-18T13:56:29","slug":"uvod","status":"publish","type":"page","link":"https:\/\/www.chsseychely.sk\/","title":{"rendered":"\u00davod"},"content":{"rendered":"<p align=\"center\"><strong><span style=\"color: #008000;\">Vitajte na str\u00e1nke chovate\u013eskej stanice SEYCHELY,<\/span><\/strong><\/p>\n<p align=\"center\"><strong><span style=\"color: #008000;\">venovanej chovu Nemeck\u00fdch a\u00a0Austr\u00e1lskych ov\u010diakov<\/span><\/strong><\/p>\n<p><span style=\"color: #339966;\"><br \/>\nChovate\u013esk\u00e1 stanica bola zalo\u017een\u00e1 v\u00a0roku 1999 pod chr\u00e1nen\u00fdm n\u00e1zvom SEYCHELY (FCI). Od roku 1995 sa zaober\u00e1m v\u00fdcvikom psov. Moja prv\u00e1 su\u010dka a\u00a0z\u00e1rove\u0148 zakladate\u013eka chovnej stanice bola Flora Framato. Zlo\u017eila som s\u00a0\u0148ou SVV1 a\u00a0odpretekala\u00a0 4 roky. Bol to m\u00f4j prv\u00fd pes\u00a0 a\u00a0moja srdcov\u00e1 z\u00e1le\u017eitos\u0165.\u00a0 Odchovala m\u00f4j prv\u00fd vrh NO v\u00a0roku 2002.<\/span><\/p>\n<p><span style=\"color: #339966;\">Od roku 1995 p\u00f4sob\u00edm\u00a0 r\u00f4znych\u00a0 kynologick\u00fdch kluboch ako v\u00fdcvik\u00e1r a\u00a0z\u00e1rove\u0148 sa venujem v\u00fdcviku svojich psov. M\u00e1m zlo\u017een\u00fdch cez 20 sk\u00fa\u0161ok z\u00a0v\u00fdcviku so svojimi psami, od roku 2012, kedy som si k\u00fapila svojho prv\u00e9ho Austr\u00e1lskeho ov\u010diaka sa venujem v\u00fdcviku a\u00a0v\u00fdstav\u00e1m aj s\u00a0\u0148ou.\u00a0 Od roku 2009 som predsedom Kynologick\u00e9ho klubu Slovensk\u00fd raj \u2013 Smi\u017eany, kde p\u00f4sob\u00edm z\u00e1rove\u0148 ako v\u00fdcvik\u00e1r.<\/span><\/p>\n<p><span style=\"color: #339966;\">Cie\u013eom mojej chovate\u013eskej stanice je chov zdrav\u00fdch, pracovne upotrebite\u013en\u00fdch Nemeck\u00fdch a\u00a0Austr\u00e1lskych ov\u010diakov, ktor\u00ed aj exteri\u00e9rovo zodpovedaj\u00fa \u0161tandardom.<\/span><\/p>\n<p><a href=\"http:\/\/www.chsseychely.sk\/wp-content\/uploads\/2015\/04\/chovatelskastanica.jpg\"><img loading=\"lazy\" decoding=\"async\" class=\"alignnone wp-image-457 size-large\" src=\"http:\/\/www.chsseychely.sk\/wp-content\/uploads\/2015\/04\/chovatelskastanica-1024x736.jpg\" alt=\"chovatelskastanica\" width=\"768\" height=\"552\" srcset=\"https:\/\/www.chsseychely.sk\/wp-content\/uploads\/2015\/04\/chovatelskastanica-1024x736.jpg 1024w, https:\/\/www.chsseychely.sk\/wp-content\/uploads\/2015\/04\/chovatelskastanica-300x216.jpg 300w\" sizes=\"auto, (max-width: 768px) 100vw, 768px\" \/><\/a><\/p>\n","protected":false},"excerpt":{"rendered":"<p>Vitajte na str\u00e1nke chovate\u013eskej stanice SEYCHELY, venovanej chovu Nemeck\u00fdch a\u00a0Austr\u00e1lskych ov\u010diakov Chovate\u013esk\u00e1 stanica bola zalo\u017een\u00e1 v\u00a0roku 1999 pod chr\u00e1nen\u00fdm n\u00e1zvom SEYCHELY (FCI). Od roku 1995 sa zaober\u00e1m v\u00fdcvikom psov. Moja prv\u00e1 su\u010dka a\u00a0z\u00e1rove\u0148 zakladate\u013eka chovnej stanice bola Flora Framato. Zlo\u017eila&#8230;<a href=\"https:\/\/www.chsseychely.sk\/\">Read More&#8230;<\/a><\/p>\n","protected":false},"author":1,"featured_media":0,"parent":0,"menu_order":0,"comment_status":"closed","ping_status":"closed","template":"","meta":{"footnotes":""},"class_list":["post-206","page","type-page","status-publish","hentry"],"_links":{"self":[{"href":"https:\/\/www.chsseychely.sk\/index.php?rest_route=\/wp\/v2\/pages\/206","targetHints":{"allow":["GET"]}}],"collection":[{"href":"https:\/\/www.chsseychely.sk\/index.php?rest_route=\/wp\/v2\/pages"}],"about":[{"href":"https:\/\/www.chsseychely.sk\/index.php?rest_route=\/wp\/v2\/types\/page"}],"author":[{"embeddable":true,"href":"https:\/\/www.chsseychely.sk\/index.php?rest_route=\/wp\/v2\/users\/1"}],"replies":[{"embeddable":true,"href":"https:\/\/www.chsseychely.sk\/index.php?rest_route=%2Fwp%2Fv2%2Fcomments&post=206"}],"version-history":[{"count":6,"href":"https:\/\/www.chsseychely.sk\/index.php?rest_route=\/wp\/v2\/pages\/206\/revisions"}],"predecessor-version":[{"id":459,"href":"https:\/\/www.chsseychely.sk\/index.php?rest_route=\/wp\/v2\/pages\/206\/revisions\/459"}],"wp:attachment":[{"href":"https:\/\/www.chsseychely.sk\/index.php?rest_route=%2Fwp%2Fv2%2Fmedia&parent=206"}],"curies":[{"name":"wp","href":"https:\/\/api.w.org\/{rel}","templated":true}]}}