{"id":19,"date":"2014-07-09T12:58:44","date_gmt":"2014-07-09T10:58:44","guid":{"rendered":"http:\/\/new.veterinasmizany.sk\/?page_id=19"},"modified":"2015-03-31T12:26:34","modified_gmt":"2015-03-31T10:26:34","slug":"adina","status":"publish","type":"page","link":"https:\/\/www.chsseychely.sk\/?page_id=19","title":{"rendered":"\u0160TANDARD AUO"},"content":{"rendered":"<p><strong>\u0160tandard FCI \u010d. 342<\/strong><\/p>\n<p><strong>P\u00f4vod<\/strong>: USA<br \/>\n<strong>Pou\u017eitie:<\/strong>\u00a0farm\u00e1rsky pastiersky pes<\/p>\n<p><strong>Klasifik\u00e1cia:<\/strong>\u00a01. skupina ov\u010diarske a pastierske psy (s v\u00fdnimkou \u0161vaj\u010diarskych); 1. sekcia ov\u010diarske psy, bez sk\u00fa\u0161ky.<br \/>\nD\u00e1tum publikovania platn\u00e9ho \u0161tandardu: 24. 7. 1996<\/p>\n<p><strong>Kr\u00e1tka hist\u00f3ria plemena:<\/strong>\u00a0Aj ke\u010f existuje mnoho te\u00f3ri\u00ed o p\u00f4vode austr\u00e1lskeho pastierskeho psa, plemeno, ako ho dnes pozn\u00e1me, sa vyvinulo v\u00fdlu\u010dne v USA. Austr\u00e1lsky pastiersky pes dostal meno kv\u00f4li s\u00favislosti s baskick\u00fdmi pastiermi, ktor\u00ed pri\u0161li do USA z Austr\u00e1lie v 19. storo\u010d\u00ed. Popularita austr\u00e1lskeho pastierskeho psa r\u00e1stla nepretr\u017eite po 2. svetovej vojne s rozmachom westernov\u00e9ho jazdenia, ktor\u00e9 sa stalo zn\u00e1mym \u0161irokej verejnosti prostredn\u00edctvom rodea, konsk\u00fdch v\u00fdstav, filmov a telev\u00edznych \u0161ou. Prirodzene flexibiln\u00e1 a \u013eahko ovl\u00e1date\u013en\u00e1 povaha z neho rob\u00ed neodmyslite\u013en\u00fa s\u00fa\u010das\u0165 americk\u00fdch fariem a statkov. Americk\u00ed dobytk\u00e1ri pokra\u010dovali vo v\u00fdvoji plemena, zachov\u00e1vaj\u00fac jeho mnohostrannos\u0165, inteligenciu, siln\u00e9 in\u0161tinkty vo\u010di st\u00e1du a v\u00fdrazn\u00fd vzh\u013ead, ktor\u00fd mu ako prv\u00fd zaru\u010dil obdiv. Hoci ka\u017ed\u00fd jedinec je jedine\u010dn\u00fd sfarben\u00edm a znakmi, v\u0161etky austr\u00e1lske pastierske psy sa vyzna\u010duj\u00fa absol\u00fatnou oddanos\u0165ou svojej rodine. Ich mnoh\u00e9 dobr\u00e9 vlastnosti im zaru\u010dili trval\u00fa ob\u013eubu.<\/p>\n<p><strong>Celkov\u00fd vzh\u013ead:<\/strong>\u00a0austr\u00e1lsky pastiersky pes je dobre vyv\u00e1\u017een\u00fd, mierne pred\u013a\u017een\u00e9ho form\u00e1tu, strednej mohutnosti a ve\u013ekosti, so sfarben\u00edm, ktor\u00e9 je ve\u013emi r\u00f4znorod\u00e9. Je pozorn\u00fd, \u017eiv\u00fd, pru\u017en\u00fd, akt\u00edvny, pevn\u00fd a svalnat\u00fd bez hrubosti. M\u00e1 srs\u0165 strednej d\u013a\u017eky a \u0161trukt\u00fary. Chvost je kup\u00edrovan\u00fd alebo prirodzene kr\u00e1tky .<\/p>\n<p><strong>Povaha a spr\u00e1vanie:<\/strong>\u00a0austr\u00e1lsky pastiersky pes je inteligentn\u00fd pracovn\u00fd pes so siln\u00fdmi in\u0161tinktami vo\u010di st\u00e1du a str\u00e1\u017eeniu. Je oddan\u00fd spolo\u010dn\u00edk a m\u00e1 silu pracova\u0165 cel\u00fd de\u0148. M\u00e1 vyv\u00e1\u017een\u00fa povahu, je dobromyse\u013en\u00fd a zriedka ha\u0161teriv\u00fd. Pri prvom stretnut\u00ed m\u00f4\u017ee by\u0165 trocha zdr\u017eanliv\u00fd.<\/p>\n<p><strong>Ve\u013ekos\u0165, proporcie a substancia<\/strong><br \/>\n<strong>Ve\u013ekos\u0165:<\/strong>\u00a0ide\u00e1lna v\u00fd\u0161ka pre psy je 51\u201358 cm, su\u010dky 46\u201353 cm. Na \u00fakor ve\u013ekosti sa v\u0161ak nem\u00e1 obetova\u0165 kvalita.<br \/>\n<strong>Proporcie:<\/strong>\u00a0pri meran\u00ed od predhrudia po zadn\u00fa \u010das\u0165 stehien a od koh\u00fatika po zem je austr\u00e1lsky pastiersky pes mierne dlh\u0161\u00ed ne\u017e vysok\u00fd.<br \/>\n<strong>Substancia:<\/strong>\u00a0pevne stavan\u00fd s primeran\u00fdmi kos\u0165ami. Psy vy\u017earuj\u00fa mu\u017enos\u0165 bez toho, aby boli hrub\u00e9. Su\u010dky s\u00fa jemnej\u0161ie, ale nemaj\u00fa \u013eahk\u00e9 kosti.<\/p>\n<p><strong>Hlava:<\/strong>\u00a0m\u00e1 \u010dist\u00e9 obrysy, je siln\u00e1 a such\u00e1. Jej ve\u013ekos\u0165 by mala by\u0165 primeran\u00e1 k telu.<br \/>\nPapu\u013ea: rovnako dlh\u00e1 alebo trocha krat\u0161ia ako temeno. Pri poh\u013eade zboku s\u00fa horn\u00e9 l\u00ednie temena a papule rovnobe\u017en\u00e9, oddelen\u00e9 primeran\u00fdm, dobre vyzna\u010den\u00fdm \u010delov\u00fdm sklonom. Papu\u013ea sa mierne zu\u017euje smerom k \u0148uch\u00e1\u010du a je na konci zaoblen\u00e1.<br \/>\n<strong>V\u00fdraz:<\/strong>\u00a0vyjadruje vn\u00edmavos\u0165 a inteligenciu, je pozorn\u00fd a dychtiv\u00fd.<br \/>\nPoh\u013ead m\u00e1 by\u0165 \u010dul\u00fd, ale priate\u013esk\u00fd.<br \/>\n<strong>O\u010di:<\/strong>\u00a0hned\u00e9, modr\u00e9, jant\u00e1rov\u00e9 alebo ak\u00e1ko\u013evek ich kombin\u00e1cia, vr\u00e1tane \u0161kv\u0155n a mramorovania. Maj\u00fa mand\u013eov\u00fd tvar, nie s\u00fa vyp\u00falen\u00e9 ani vpadnut\u00e9. Modro\u0161kvrnit\u00e9 a \u010dierne psy maj\u00fa \u010dierne pigmentovan\u00e9 vie\u010dka. \u010cerveno\u0161kvrnit\u00e9 a \u010derven\u00e9 psy maj\u00fa pe\u010de\u0148ovo pigmentovan\u00e9 vie\u010dka.<br \/>\n<strong>U\u0161i:<\/strong>\u00a0trojuholn\u00edkov\u00e9, primeranej ve\u013ekosti a hr\u00fabky, nasaden\u00e9 vysoko na hlave. Ke\u010f pes spozornie, zlomia sa dopredu alebo nabok ako ru\u017ei\u010dkov\u00e9 ucho. Stojacie alebo visiace u\u0161i s\u00fa v\u00e1\u017enou chybou.<br \/>\n<strong>Temeno:<\/strong>\u00a0ploch\u00e9 alebo mierne vyklenut\u00e9. V\u00fdbe\u017eok medzitemennej kosti m\u00f4\u017ee mierne vystupova\u0165. Temeno je rovnako dlh\u00e9 ako \u0161irok\u00e9.<br \/>\n\u010celov\u00fd sklon: primeran\u00fd, dobre vyzna\u010den\u00fd.<br \/>\n<strong>\u0147uch\u00e1\u010d:<\/strong>\u00a0modro\u0161kvrnit\u00e9 a \u010dierne jedince maj\u00fa \u010dierno pigmentovan\u00fd \u0148uch\u00e1\u010d a pysky. \u010cerveno\u0161kvrnit\u00e9 a \u010derven\u00e9 jedince maj\u00fa pe\u010de\u0148ovo (hnedo) pigmentovan\u00fd \u0148uch\u00e1\u010d a pysky. \u0160kvrnit\u00e9 jedince sm\u00fa ma\u0165 drobn\u00e9 ru\u017eov\u00e9 \u0161kvrnky, ktor\u00e9 v\u0161ak nesm\u00fa presiahnu\u0165 25% plochy \u0148uch\u00e1\u010da pri psoch nad 1 rok, \u010do sa poklad\u00e1 za z\u00e1va\u017en\u00fa chybu.<br \/>\n<strong>Chrup:<\/strong>\u00a0kompletn\u00e1 sada siln\u00fdch bielych zubov, mala by tvori\u0165 no\u017enice alebo klie\u0161te.<br \/>\nDiskvalifik\u00e1cia: podhryz alebo predhryz o viac ako 0,3 mm. Ak sa zuby nedot\u00fdkaj\u00fa kv\u00f4li tomu, \u017ee stredn\u00e9 rez\u00e1ky s\u00fa kr\u00e1tke a inak je zhryz spr\u00e1vny, nepoklad\u00e1me to za podhryz. Zuby pol\u00e1man\u00e9 alebo ch\u00fdbaj\u00face n\u00e1sledkom nehody sa nepenalizuj\u00fa.<\/p>\n<p><strong>Krk, horn\u00e1 l\u00ednia, telo<\/strong><br \/>\n<strong>Krk:<\/strong>\u00a0mocn\u00fd, primerane dlh\u00fd, pri koh\u00fatiku mierne klenut\u00fd, dobre vsaden\u00fd do pliec.<br \/>\n<strong>Horn\u00e1 l\u00ednia:<\/strong>\u00a0chrb\u00e1t rovn\u00fd a siln\u00fd, pevn\u00fd a vodorovn\u00fd od koh\u00fatika a\u017e po bedrov\u00e9 hrbolce.<br \/>\n<strong>Kr\u00ed\u017eov\u00e1 kos\u0165:<\/strong>\u00a0primerane kles\u00e1.<br \/>\n<strong>Hrudn\u00edk:<\/strong>\u00a0nie \u0161irok\u00fd, ale hlbok\u00fd, najni\u017e\u0161ie miesto siaha po lakte.<br \/>\n<strong>Rebr\u00e1:<\/strong>\u00a0dobre klenut\u00e9 a dlh\u00e9, nie s\u00fadkovit\u00e9 ani ploch\u00e9.<br \/>\n<strong>Doln\u00e1 l\u00ednia:<\/strong>\u00a0primerane vtiahnut\u00e1.<br \/>\n<strong>Chvost:<\/strong>\u00a0rovn\u00fd, kup\u00edrovan\u00fd alebo prirodzene kr\u00e1tky, nem\u00e1 presahova\u0165 10 cm.<\/p>\n<p><strong>Predn\u00e9 kon\u010datiny<\/strong><br \/>\n<strong>Plecia:<\/strong>\u00a0lopatky dlh\u00e9, ploch\u00e9, pomerne bl\u00edzko pri koh\u00fatiku a posaden\u00e9 dozadu. Rameno, ktor\u00e9 by malo by\u0165 pribli\u017ene rovnako dlh\u00e9 ako lopatka, zviera pribli\u017ene 90\u00b0 uhol s l\u00edniou pliec, s predn\u00fdmi kon\u010datinami, ktor\u00e9 s\u00fa rovn\u00e9 a smeruj\u00fa kolmo na zem.<br \/>\n<strong>Kon\u010datiny:<\/strong>\u00a0rovn\u00e9 a mocn\u00e9. Kosti s\u00fa siln\u00e9, sk\u00f4r ov\u00e1lne ne\u017e okr\u00fahle.<br \/>\n<strong>Nadprstia:<\/strong>\u00a0stredne dlh\u00e9, ve\u013emi mierne klenut\u00e9. Vl\u010die paz\u00fariky sa m\u00f4\u017eu odstr\u00e1ni\u0165.<br \/>\n<strong>Labky:<\/strong>\u00a0ov\u00e1lne, kompaktn\u00e9, pevne zovret\u00e9, prsty dobre klenut\u00e9. Vank\u00fa\u0161iky s\u00fa hrub\u00e9 a pru\u017en\u00e9.<\/p>\n<p><strong>Zadn\u00e9 kon\u010datiny<\/strong><br \/>\nVzdialenos\u0165 zadn\u00fdch kon\u010dat\u00edn je rovnak\u00e1 ako vzdialenos\u0165 predn\u00fdch kon\u010dat\u00edn v pleciach. Zauhlenie panvy a stehna je rovnak\u00e9 ako zauhlenie lopatky a ramena, tvor\u00ed pribli\u017ene prav\u00fd uhol.<br \/>\n<strong>Kolen\u00e1:<\/strong>\u00a0jasne vyzna\u010den\u00e9, p\u00e4ty s\u00fa primerane zauhlen\u00e9.<br \/>\n<strong>P\u00e4ty:<\/strong>\u00a0kr\u00e1tke, kolm\u00e9 na zem a paraleln\u00e9 pri poh\u013eade zozadu. Vl\u010die paz\u00fariky sa musia odstr\u00e1ni\u0165.<br \/>\nLabky: ov\u00e1lne, kompaktn\u00e9, pevne zovret\u00e9, prsty dobre klenut\u00e9. Vank\u00fa\u0161iky s\u00fa hrub\u00e9 a pru\u017en\u00e9.<\/p>\n<p><strong>Osrstenie<\/strong><br \/>\n<strong>Srs\u0165:<\/strong>\u00a0strednej \u0161trukt\u00fary, rovn\u00e1 a\u017e vlnit\u00e1, odoln\u00e1 vo\u010di po\u010dasiu, stredne dlh\u00e1. Podsada m\u00f4\u017ee by\u0165 r\u00f4zne hust\u00e1 v z\u00e1vislosti od podnebia. Srs\u0165 je kr\u00e1tka a hladk\u00e1 na hlave, u\u0161iach, na prednej strane predn\u00fdch kon\u010dat\u00edn a pod p\u00e4tami. Zadn\u00e9 strany predn\u00fdch kon\u010dat\u00edn maj\u00fa z\u00e1stavy, na zadn\u00fdch kon\u010datin\u00e1ch sa tvoria nohavice . Hriva je v\u00fdraznej\u0161ia pri psoch ne\u017e pri su\u010dk\u00e1ch. Netypick\u00e9 osrstenie je z\u00e1va\u017enou chybou.<br \/>\n<strong>Farba:<\/strong>\u00a0modro\u0161kvrnit\u00e1, \u010dierna, \u010derveno\u0161kvrnit\u00e1, \u010derven\u00e1, s bielymi znakmi alebo bez nich, s p\u00e1len\u00fdmi (meden\u00fdmi) miestami alebo bez nich. L\u00ednia bieleho l\u00edmca na ko\u017ei nepresahuje koh\u00fatik. Biela je pr\u00edpustn\u00e1 na krku, hrudn\u00edku, kon\u010datin\u00e1ch, spodnej strane papule. Biela lysinka a biely znak na hrudi, ktor\u00fd dosahuje 10 cm od spodnej strany, ak sa meria vo vodorovnej l\u00ednii lak\u0165ov. Biela na hlave by nemala dominova\u0165 a o\u010di musia by\u0165 \u00faplne ohrani\u010den\u00e9 pigmentom. \u0160kvrnit\u00e9 jedince zvykn\u00fa vekom tmavn\u00fa\u0165.<br \/>\n<strong>Diskvalifik\u00e1cia<\/strong>: biele striekance, t. j. biela farba na tele medzi koh\u00fatikom a chvostom, po stran\u00e1ch medzi lak\u0165ami a zadn\u00fdmi kon\u010datinami pri v\u0161etk\u00fdch farb\u00e1ch.<\/p>\n<p><strong>Pohyb<\/strong>: austr\u00e1lsky pastiersky pes m\u00e1 plynul\u00fd, vo\u013en\u00fd a \u013eahk\u00fd pohyb. Pohyb je pru\u017en\u00fd s plynul\u00fdm, v\u00fddatn\u00fdm z\u00e1berom. Predn\u00e9 a zadn\u00e9 kon\u010datiny sa pohybuj\u00fa rovno a paralelne s centr\u00e1lnou l\u00edniou tela. Ako sa r\u00fdchlos\u0165 zvy\u0161uje, labky (predn\u00e9 a zadn\u00e9) sa pribli\u017euj\u00fa k centr\u00e1lnej osi psa, pri\u010dom chrb\u00e1t zost\u00e1va pevn\u00fd a rovn\u00fd. Austr\u00e1lsky pastiersky pes mus\u00ed by\u0165 akt\u00edvny a schopn\u00fd okam\u017eite zmeni\u0165 smer alebo typ pohybu.<\/p>\n<p>Chyby: Diskvalifik\u00e1cia:<br \/>\n\u2013 podhryz alebo predhryz v\u00e4\u010d\u0161\u00ed ne\u017e 0,3 mm,<br \/>\n\u2013 biele striekance, \u010do znamen\u00e1 biela na tele medzi koh\u00fatikom a chvostom, po stran\u00e1ch medzi lak\u0165ami a zadnou stranou zadn\u00fdch kon\u010dat\u00edn pri v\u0161etk\u00fdch farb\u00e1ch.<\/p>\n<p>Pozn\u00e1mka: psy musia ma\u0165 obidva norm\u00e1lne vyvinut\u00e9 semenn\u00edky \u00faplne zost\u00fapen\u00e9 v mie\u0161ku.<\/p>\n<p>Zdroj: www.kchmpp.sk<\/p>\n","protected":false},"excerpt":{"rendered":"<p>\u0160tandard FCI \u010d. 342 P\u00f4vod: USA Pou\u017eitie:\u00a0farm\u00e1rsky pastiersky pes Klasifik\u00e1cia:\u00a01. skupina ov\u010diarske a pastierske psy (s v\u00fdnimkou \u0161vaj\u010diarskych); 1. sekcia ov\u010diarske psy, bez sk\u00fa\u0161ky. D\u00e1tum publikovania platn\u00e9ho \u0161tandardu: 24. 7. 1996 Kr\u00e1tka hist\u00f3ria plemena:\u00a0Aj ke\u010f existuje mnoho te\u00f3ri\u00ed o p\u00f4vode&#8230;<a href=\"https:\/\/www.chsseychely.sk\/?page_id=19\">Read More&#8230;<\/a><\/p>\n","protected":false},"author":1,"featured_media":0,"parent":0,"menu_order":0,"comment_status":"open","ping_status":"open","template":"","meta":{"footnotes":""},"class_list":["post-19","page","type-page","status-publish","hentry"],"_links":{"self":[{"href":"https:\/\/www.chsseychely.sk\/index.php?rest_route=\/wp\/v2\/pages\/19","targetHints":{"allow":["GET"]}}],"collection":[{"href":"https:\/\/www.chsseychely.sk\/index.php?rest_route=\/wp\/v2\/pages"}],"about":[{"href":"https:\/\/www.chsseychely.sk\/index.php?rest_route=\/wp\/v2\/types\/page"}],"author":[{"embeddable":true,"href":"https:\/\/www.chsseychely.sk\/index.php?rest_route=\/wp\/v2\/users\/1"}],"replies":[{"embeddable":true,"href":"https:\/\/www.chsseychely.sk\/index.php?rest_route=%2Fwp%2Fv2%2Fcomments&post=19"}],"version-history":[{"count":6,"href":"https:\/\/www.chsseychely.sk\/index.php?rest_route=\/wp\/v2\/pages\/19\/revisions"}],"predecessor-version":[{"id":170,"href":"https:\/\/www.chsseychely.sk\/index.php?rest_route=\/wp\/v2\/pages\/19\/revisions\/170"}],"wp:attachment":[{"href":"https:\/\/www.chsseychely.sk\/index.php?rest_route=%2Fwp%2Fv2%2Fmedia&parent=19"}],"curies":[{"name":"wp","href":"https:\/\/api.w.org\/{rel}","templated":true}]}}