{"id":171,"date":"2015-03-31T12:28:43","date_gmt":"2015-03-31T10:28:43","guid":{"rendered":"http:\/\/new.veterinasmizany.sk\/?page_id=171"},"modified":"2015-03-31T12:28:43","modified_gmt":"2015-03-31T10:28:43","slug":"standard-no","status":"publish","type":"page","link":"https:\/\/www.chsseychely.sk\/?page_id=171","title":{"rendered":"\u0160TANDARD NO"},"content":{"rendered":"<p><b>V\u0160EOBECN\u00dd POPIS<\/b><\/p>\n<p>Nemeck\u00fd ov\u010diak je stredne ve\u013ek\u00fd, mierne pred\u013a\u017een\u00fd, siln\u00fd a dobre osvalnen\u00fd, suchej kostry a celkovo pevn\u00fd.<\/p>\n<p><b>D\u00d4LE\u017dIT\u00c9 POMERY MIER<\/b><\/p>\n<p>Koh\u00fatikova v\u00fd\u0161ka u psov je 60-65cm, u s\u00fak 55-60 cm. D\u013a\u017eka trupu presahuje koh\u00fatikovu v\u00fd\u0161ku o asi 10-17%.<\/p>\n<p><b>POVAHA<\/b><\/p>\n<p>Nemeck\u00fd ov\u010diak mus\u00ed by\u0165 v povahe vyrovnan\u00fd, nervovo pevn\u00fd, sebavedom\u00fd, nepredpojat\u00fd (s v\u00fdnimkou dr\u00e1\u017edenia), dobrosrde\u010dn\u00fd, k tomu pozorn\u00fd a ovl\u00e1date\u013en\u00fd. Mus\u00ed by\u0165 odv\u00e1\u017eny, bojovn\u00fd a tvrd\u00fd, vhodn\u00fd ako sprievodn\u00fd, str\u00e1\u017eny, obran\u00e1rsky, slu\u017eobn\u00fd a pastiersky pes.<\/p>\n<p><b>HLAVA<\/b><\/p>\n<p>Je klinovit\u00e1, primeran\u00e1 ve\u013ekosti tela (dlh\u00e1 asi 40% koh\u00fatikovej v\u00fd\u0161ky), nie pr\u00edli\u0161 robustn\u00e1 a nie pr\u00edli\u0161 pretiahnut\u00e1. V celkovom obraze such\u00e1, medzi u\u0161ami mierne \u0161ir\u0161ia. \u010celo je spredu a zo str\u00e1n len m\u00e1lo vypukl\u00e9 a bez, alebo len so slabo vidite\u013enou stredovou br\u00e1zdou. Pomer mozgovej a tv\u00e1rovej \u010dasti je 50% : 50%. \u0160\u00edrka mozgovej \u010dasti hlavy zodpoved\u00e1 pribli\u017ene d\u013a\u017eke mozgovej \u010dasti hlavy. Horn\u00e1 \u010das\u0165 lebky (pri poh\u013eade z hora) od u\u0161\u00ed po \u0148uf\u00e1k sa rovnomerne zu\u017euje cez neostro vyzna\u010den\u00fa \u010das\u0165 do klinovito prebiehaj\u00facej \u010dasti hlavy (pysku). Horn\u00e1 a doln\u00e1 \u010de\u013eus\u0165 s\u00fa silne vyvinut\u00e9. Chrb\u00e1t nosa je rovn\u00fd, prehnutie alebo klenutie nie je \u017eiad\u00face. Pysky s\u00fa pevn\u00e9, dobre priliehav\u00e9, tmavej farby.<\/p>\n<p><b>NOS<\/b><\/p>\n<p>Mus\u00ed by\u0165 \u010dierny.<\/p>\n<p><b>CHRUP<\/b><\/p>\n<p>Mus\u00ed by\u0165 siln\u00fd, zdrav\u00fd a \u00fapln\u00fd (42 zubov pod\u013ea zubn\u00e9ho vzorca). Nemeck\u00fd ov\u010diak m\u00e1 no\u017enicov\u00fd zhryz, to znamen\u00e1, \u017ee rez\u00e1ky musia do seba no\u017enicovite zapada\u0165, pri\u010dom rez\u00e1ky hornej \u010de\u013euste no\u017enicovite prekr\u00fdvaj\u00fa rez\u00e1ky dolnej \u010de\u013euste. Klie\u0161\u0165ovit\u00fd zhryz, predkus a podkus s\u00fa chybn\u00e9, takisto v\u00e4\u010d\u0161ie medzery medzi zubami rez\u00e1kov. \u010ce\u013euste musia by\u0165 silne vyvinut\u00e9 tak, aby zuby mohli&#8216; by\u0165 hlboko zakorenen\u00e9.<\/p>\n<p><b>O\u010cI<\/b><\/p>\n<p>S\u00fa stredne ve\u013ek\u00e9, mand\u013eovit\u00e9ho tvaru, mierne \u0161ikmo ulo\u017een\u00e9, nevypukl\u00e9. Farba o\u010d\u00ed m\u00e1 by\u0165 \u010do najtmav\u0161ia. Svetl\u00e9, pich\u013eav\u00e9 o\u010di s\u00fa ne\u017eiad\u00face, preto\u017ee po\u0161kodzuj\u00fa v\u00fdraz psa.<\/p>\n<p><b>U\u0160I<\/b><\/p>\n<p>Nemeck\u00fd ov\u010diak m\u00e1 stojace u\u0161i strednej ve\u013ekosti, ktor\u00e9 s\u00fa priamo a v rovnakom smere nosen\u00e9 (nie nasaden\u00e9 do str\u00e1n), prebiehaj\u00face do \u0161pica a postaven\u00e9 dopredu. Preklopen\u00e9 a visiace u\u0161i s\u00fa chybn\u00e9. V pohybe, popr\u00edpade v k\u013eude dozadu polo\u017een\u00e9 a nosen\u00e9 u\u0161i nie s\u00fa chybou.<\/p>\n<p><b>KRK<\/b><\/p>\n<p>Je siln\u00fd, dobre osvalen\u00fd, bez laloka. Uhlenie k trupu (horizont\u00e1lne) je 45\u00b0.<\/p>\n<p><b>TELO<\/b><\/p>\n<p>Vrchn\u00e1 l\u00ednia prebieha od nasadenia krku cez vysok\u00fd dlh\u00fd koh\u00fatik a cez rovn\u00fd chrb\u00e1t k \u013eahko opadnut\u00fdm kr\u00ed\u017eom bez vidite\u013en\u00e9ho preru\u0161enia. Chrb\u00e1t je primerane dlh\u00fd, pevn\u00fd, siln\u00fd a dobre osvalen\u00fd. Boky s\u00fa \u0161irok\u00e9, kr\u00e1tke, v\u00fdrazne vyvinut\u00e9 a dobre osvalen\u00e9. Kr\u00ed\u017ee maj\u00fa by\u0165 dlh\u00e9, \u013eahko padaj\u00face (23\u00b0), bez preru\u0161enia chrbtovej l\u00ednie prech\u00e1dzaj\u00fa do \u010dasti nasadenia chvosta.<\/p>\n<p><b>HRUDN\u00cdK<\/b><\/p>\n<p>M\u00e1 by\u0165 pomerne \u0161irok\u00fd, spodn\u00e1 \u010das\u0165 hrude dlh\u0161ia a v\u00fdrazn\u00e1. H\u013abka hrudn\u00edka m\u00e1 ma\u0165 okolo 45-48% koh\u00fatikovej v\u00fd\u0161ky. Rebr\u00e1 maj\u00fa by\u0165 mierne klenut\u00e9, siln\u00e9 klenutie hrudn\u00edka ako aj ploch\u00fd hrudn\u00edk s\u00fa chybn\u00e9.<\/p>\n<p><b>CHVOST<\/b><\/p>\n<p>Dosahuje najmenej ku patov\u00e9mu klbu, av\u0161ak nie cez stred z\u00e1prstia zadnej kon\u010datiny. Na svojej spodnej strane je trocha dlh\u0161ie osrsten\u00fd, nosen\u00fd v miernom previsnutom obl\u00faku, pri\u010dom pri vzru\u0161en\u00ed a v pohybe je silnej\u0161ie vy\u0161\u0161ie nosen\u00fd, ale nie nad horizont\u00e1lu chrbta. Operat\u00edvne \u00fapravy s\u00fa zak\u00e1zan\u00e9.<\/p>\n<p><b>KON\u010cATINY HRUDN\u00cdKOV\u00c9<\/b><\/p>\n<p>Predn\u00e9 kon\u010datiny s\u00fa zo v\u0161etk\u00fdch str\u00e1n vidite\u013en\u00e9 ako rovn\u00e9, z predn\u00e9ho poh\u013eadu absol\u00fatne rovnobe\u017en\u00e9. Lopatka a rameno s\u00fa rovnako dlh\u00e9, stredne silno osvalen\u00e9 a pevne nasaden\u00e9 na hru\u010f. Uhlenie lopatky a ramena je v ide\u00e1lnom pr\u00edpade 90-110\u00b0. Lakte nesm\u00fa by\u0165 vybo\u010den\u00e9 ani vbo\u010den\u00e9 v stoji a ani v pohybe. Predlaktia s\u00fa zo v\u0161etk\u00fdch str\u00e1n vidite\u013en\u00e9 priame, rovn\u00e9, jedno pri druhom absol\u00fatne rovnobe\u017ene stojace, such\u00e9 a pevne osvalen\u00e9. Predprsie m\u00e1 d\u013a\u017eku asi jednej tretiny predlaktia a uhol k nemu 20-22\u00b0. \u0160ikmo stojace predprstie (viac ako 22\u00b0), ako aj strm\u00e9 predprstie (menej ako 20\u00b0), ovplyv\u0148uj\u00fa pracovn\u00fa sp\u00f4sobilos\u0165, zvl\u00e1\u0161\u0165 vytrvalos\u0165.<\/p>\n<p><b>LABY<\/b><\/p>\n<p>S\u00fa okr\u00fahle, dobre uzavret\u00e9 a klenut\u00e9, bru\u0161k\u00e1 tvrd\u00e9, ale nie nepoddajn\u00e9. Paz\u00fary s\u00fa siln\u00e9 a tmavej farby.<\/p>\n<p><b>PANVOV\u00c9:<\/b><\/p>\n<p>Postavenie zadn\u00fdch kon\u010dat\u00edn je \u013eahko posunut\u00e9 dozadu, pri\u010dom vzadnom poh\u013eade s\u00fa postaven\u00e9 rovnobe\u017ene jedna pri druhej. Stehno a hole\u0148 s\u00fa pribli\u017ene rovnakej d\u013a\u017eky a tvoria uhol cca 120\u00b0. Stehn\u00e1 s\u00fa siln\u00e9 a dobr\u00e9 osvalen\u00e9. Patov\u00e9 k\u00edby s\u00fa silne vyvinut\u00e9 a pevn\u00e9, predprstie stoj\u00ed zvisle pod nimi.<\/p>\n<p><b>LABY<\/b><\/p>\n<p>S\u00fa uzavret\u00e9, \u013eahko klenut\u00e9, bru\u0161k\u00e1 tvrd\u00e9, tmavej farby, paz\u00fary siln\u00e9, klenut\u00e9 a rovnako tmavej farby.<\/p>\n<p><b>CH\u00d4DZA:<\/b><\/p>\n<p>Nemeck\u00fd ov\u010diak je klus\u00e1k. Kon\u010datiny musia v d\u013a\u017eke a uhlen\u00ed vz\u00e1jomne ladi\u0165 tak, aby bez v\u00fdraznej\u0161ej zmeny nenaru\u0161ovali chrbtov\u00fa l\u00edniu. Dotyk zadnej kon\u010datiny mus\u00ed dosiahnu\u0165 zem v strede tela a predn\u00e1 kon\u010datina mus\u00ed dosiahnu\u0165 rovnak\u00fa vzdialenos\u0165. Ka\u017ed\u00e9 pribl\u00ed\u017eenie k preuhleniu zadnej kon\u010datiny obmedzuje pevnos\u0165, vytrvalos\u0165 a pou\u017eite\u013enos\u0165. Pomer v stavbe a uhlen\u00ed d\u00e1va mo\u017enos\u0165 priestrann\u00e9ho pohybu tesne nad zemou, \u010do vyvol\u00e1va dojem ne\u00fanavn\u00e9ho pohybu vpred. Pri predsunutej hlave a \u013eahko nadvihnutom chvoste je klus od \u0161pi\u010diek u\u0161\u00ed cez \u0161iju a chrb\u00e1t po koniec chvosta pravideln\u00fd, pru\u017ene prebiehaj\u00faci, bez preru\u0161enia chrbtovej l\u00ednie.<\/p>\n<p><b>KO\u017dA<\/b><\/p>\n<p>Je pri\u013eahl\u00e1 bez ak\u00fdchko\u013evek z\u00e1hybov.<\/p>\n<p><b>SRS\u0164<\/b><\/p>\n<p><b>VLASTNOSTI SRSTI:<\/b><\/p>\n<p>Spr\u00e1vne osrstenie nemeck\u00e9ho ov\u010diaka je krycia srs\u0165 s podsadou. Krycia srs\u0165 m\u00e1 by\u0165 hust\u00e1, rovn\u00e1, drsn\u00e1 a tesne priliehaj\u00faca. Na hlave, vo vn\u00fatri u\u0161i, prednej strane kon\u010dat\u00edn, lab\u00e1ch a prstoch kr\u00e1tka, na krku trochu dlh\u0161ia a silnej\u0161ia. Na zadnej strane kon\u010dat\u00edn k z\u00e1p\u00e4stiu, popr\u00edpade k patov\u00e9mu k\u00edbu je dlh\u0161ia, na stehn\u00e1ch tvor\u00ed nohavice.<\/p>\n<p><b>ZAFARBENIE:<\/b><\/p>\n<p>\u010cierna s \u010dervenohnedou, hned\u00e1, \u017elt\u00e1, a\u017e po svetlosiv\u00e9 znaky. Celo\u010dierna, vlkosiv\u00e1, \u010dierne sedlo a maska. Pr\u00edpadn\u00e9 mal\u00e9 biele znaky na hrudi, ako aj na vn\u00fatorn\u00fdch stran\u00e1ch s\u00fa pr\u00edpustn\u00e9, ale ne\u017eiad\u00face. \u0147uf\u00e1k mus\u00ed by\u0165 u v\u0161etk\u00fdch farebn\u00fdch r\u00e1zov \u010dierny. Ch\u00fdbaj\u00faca maska, svetl\u00e1 a\u017e pich\u013eav\u00e1 farba o\u010d\u00ed, ako aj svetl\u00e9 a\u017e biele znaky na hrudi a vn\u00fatorn\u00fdch stran\u00e1ch, svetl\u00e9 paz\u00fary a \u010derven\u00fd koniec chvosta s\u00fa hodnoten\u00e9 ako nedostato\u010dn\u00e1 pigment\u00e1cia. Podsada je mierne siv\u00e1, biela farba je nepr\u00edpustn\u00e1.<\/p>\n<p><b>VE\u013dKOS\u0164 \/ HMOTNOS\u0164<\/b><\/p>\n<p>psi koh\u00fatikova v\u00fd\u0161ka 60-65 cm hmotnos\u0165 30-40 kg<br \/>\nsuky koh\u00fatikova v\u00fd\u0161ka -55 60 cm hmotnos\u0165 22- 32 kg<\/p>\n<p><b>SEMEN\u00cdKY<\/b><\/p>\n<p>Psi maj\u00fa dva v\u00fdrazn\u00e9, plne vyvinut\u00e9 semenn\u00edky, ktor\u00e9 sa cel\u00e9 nach\u00e1dzaj\u00fa v mie\u0161ku.<\/p>\n<p><b>CHYBY<\/b><\/p>\n<p>Ka\u017ed\u00e1 odch\u00fdlka od vy\u0161\u0161ie uveden\u00fdch bodov je pokladan\u00e1 za chybu, ktorej hodnotenie by malo by\u0165 v presnom pomere so stup\u0148om odch\u00fdlky.<\/p>\n<p><b>\u0164A\u017dK\u00c9 CHYBY:<\/b><\/p>\n<p>Odch\u00fdlky od pop\u00edsan\u00fdch plemenn\u00fdch znakov NO, ktor\u00e9 ovplyv\u0148uj\u00fa pracovn\u00fa pou\u017eite\u013enos\u0165.<\/p>\n<p><b>CHYBY U\u0160\u00cd:<\/b><\/p>\n<p>Bo\u010dn\u00e9 \u0161iroko nasaden\u00e9 u\u0161i, klopen\u00e9 u\u0161i, do strie\u0161ky postaven\u00e9 u\u0161i, nepevn\u00e9 u\u0161i. V\u00fdrazn\u00e9 nedostatky v pigment\u00e1cii, ve\u013ek\u00e9 nedostatky v stavbe tela.<\/p>\n<p><b>CHYBY ZUBOV:<\/b><\/p>\n<p>V\u0161etky odch\u00fdlky od no\u017enicov\u00e9ho zhryzu a zubn\u00e9ho vzorca, pokia\u013e sa nejedn\u00e1 o vyra\u010fuj\u00face chyby (vi\u010f nasledovn\u00e9).<\/p>\n<p><b>VYRA\u010eUJ\u00daCE CHYBY:<\/b><\/p>\n<p>a)\u00a0slab\u00e1 povaha, hr\u00fdzav\u00e9 a nervovo slab\u00e9 psi<br \/>\nb)\u00a0psi s potvrdenou \u0165a\u017ekou DBK<br \/>\nc)\u00a0monorchidi, kryptorchidi, psi s v\u00fdrazne nerovnomern\u00fdmi, popr\u00edpade v\u00fdrazne zakrpaten\u00fdmi semen\u00edkmi<br \/>\nd)\u00a0psi s chybami u\u0161\u00ed a chvosta<br \/>\ne)\u00a0psi s deform\u00e1ciami<br \/>\nf)\u00a0psi s chybami chrupu, pri strate: 1 x P3 a jeden \u010fal\u0161\u00ed zub, alebo 1 x tes\u00e1k (C), alebo 1xP4, alebo 1x Ml, popr\u00edpade M2, alebo strata spolu 3 zubov a viac<br \/>\ng)\u00a0psi s nedostatkami \u010de\u013eusti: podkus 2 mm a viac, predkus, klie\u0161\u0165ovit\u00fd zhryz v celej oblasti tes\u00e1kov<br \/>\nh)\u00a0psi prerasten\u00ed alebo men\u0161\u00ed s odch\u00fdlkou viac ako I cm<br \/>\ni)\u00a0albinizmus<br \/>\nj)\u00a0biele sfarbenie srsti (aj pri tmav\u00fdch o\u010diach a paz\u00faroch)<br \/>\nk)\u00a0dlh\u00e1 krycia srs\u0165 (dlh\u00e1, jemn\u00e1, nie pevne priliehaj\u00faca krycia srs\u0165 s podsadou, z\u00e1stavky na u\u0161iach a kon\u010datin\u00e1ch, hu\u0148at\u00e9 nohavice, hu\u0148at\u00fd chvost so z\u00e1stavkami na spodnej strane)<br \/>\ni)\u00a0dlh\u00e1 srs\u0165, (dlh\u00e1, jemn\u00e1 krycia srs\u0165 bez podsady, v\u00e4\u010d\u0161inou rozdelen\u00e1 v strede chrbta, z\u00e1stavky na u\u0161iach, kon\u010datin\u00e1ch a na chvoste)<\/p>\n<p>Zdroj: www.SUCHNO.sk<\/p>\n","protected":false},"excerpt":{"rendered":"<p>V\u0160EOBECN\u00dd POPIS Nemeck\u00fd ov\u010diak je stredne ve\u013ek\u00fd, mierne pred\u013a\u017een\u00fd, siln\u00fd a dobre osvalnen\u00fd, suchej kostry a celkovo pevn\u00fd. D\u00d4LE\u017dIT\u00c9 POMERY MIER Koh\u00fatikova v\u00fd\u0161ka u psov je 60-65cm, u s\u00fak 55-60 cm. D\u013a\u017eka trupu presahuje koh\u00fatikovu v\u00fd\u0161ku o asi 10-17%. POVAHA&#8230;<a href=\"https:\/\/www.chsseychely.sk\/?page_id=171\">Read More&#8230;<\/a><\/p>\n","protected":false},"author":1,"featured_media":0,"parent":0,"menu_order":0,"comment_status":"open","ping_status":"open","template":"","meta":{"footnotes":""},"class_list":["post-171","page","type-page","status-publish","hentry"],"_links":{"self":[{"href":"https:\/\/www.chsseychely.sk\/index.php?rest_route=\/wp\/v2\/pages\/171","targetHints":{"allow":["GET"]}}],"collection":[{"href":"https:\/\/www.chsseychely.sk\/index.php?rest_route=\/wp\/v2\/pages"}],"about":[{"href":"https:\/\/www.chsseychely.sk\/index.php?rest_route=\/wp\/v2\/types\/page"}],"author":[{"embeddable":true,"href":"https:\/\/www.chsseychely.sk\/index.php?rest_route=\/wp\/v2\/users\/1"}],"replies":[{"embeddable":true,"href":"https:\/\/www.chsseychely.sk\/index.php?rest_route=%2Fwp%2Fv2%2Fcomments&post=171"}],"version-history":[{"count":1,"href":"https:\/\/www.chsseychely.sk\/index.php?rest_route=\/wp\/v2\/pages\/171\/revisions"}],"predecessor-version":[{"id":172,"href":"https:\/\/www.chsseychely.sk\/index.php?rest_route=\/wp\/v2\/pages\/171\/revisions\/172"}],"wp:attachment":[{"href":"https:\/\/www.chsseychely.sk\/index.php?rest_route=%2Fwp%2Fv2%2Fmedia&parent=171"}],"curies":[{"name":"wp","href":"https:\/\/api.w.org\/{rel}","templated":true}]}}